{"id":607,"date":"2021-10-18T07:01:57","date_gmt":"2021-10-18T07:01:57","guid":{"rendered":"https:\/\/demo.bravisthemes.com\/lawgne\/?page_id=607"},"modified":"2025-12-28T04:45:48","modified_gmt":"2025-12-28T07:45:48","slug":"solicitar-ou-enviar-documentos","status":"publish","type":"page","link":"https:\/\/valejudicial.com.br\/en\/solicitar-ou-enviar-documentos\/","title":{"rendered":"Solicitar ou Enviar Documentos"},"content":{"rendered":"<div data-elementor-type=\"wp-page\" data-elementor-id=\"607\" class=\"elementor elementor-607\">\n\t\t\t\t        <section class=\"elementor-section elementor-top-section elementor-element elementor-element-1647450 elementor-section-boxed elementor-section-height-default elementor-section-height-default kng-section-overflow-hidden-no kng-section-boxed-divider-false\" data-id=\"1647450\" data-element_type=\"section\">\n                                    <div class=\"elementor-background-overlay\"><\/div>\n                                         \n            <div class=\"elementor-container elementor-column-gap-default\">\n                    <div class=\"elementor-column elementor-col-100 elementor-top-column elementor-element elementor-element-2cf15ca kng-column-element-default\" data-id=\"2cf15ca\" data-element_type=\"column\">\n                        <div class=\"elementor-widget-wrap elementor-element-populated\">\n                     \n            \n         \n        \t\t<div class=\"elementor-element elementor-element-272fa43 kng-heading-layout-2 elementor-widget elementor-widget-kng_heading\" data-id=\"272fa43\" data-element_type=\"widget\" data-widget_type=\"kng_heading.default\">\n\t\t\t\t<div class=\"elementor-widget-container\">\n\t\t\t\t\t<div class=\"kng-heading-wrap text-center\">\n            <div class=\"item-sub-title style-divider\">\n            <span>Central de apoio<\/span>\n        <\/div>\n        <h2 class=\"item-title\">\n        <span>Perguntas &amp; Respostas<\/span>    <\/h2>\n<\/div>\n\n\t\t\t\t<\/div>\n\t\t\t\t<\/div>\n\t\t\t\t\t<\/div>\n\t\t<\/div>\n\t\t            <\/div>\n        <\/section>\n                <section class=\"elementor-section elementor-top-section elementor-element elementor-element-41eec8b elementor-section-boxed elementor-section-height-default elementor-section-height-default kng-section-overflow-hidden-no kng-boxed-bg-false kng-section-boxed-divider-false\" data-id=\"41eec8b\" data-element_type=\"section\">\n                                             \n            <div class=\"elementor-container elementor-column-gap-default\">\n                    <div class=\"elementor-column elementor-col-100 elementor-top-column elementor-element elementor-element-886f956 kng-column-element-default\" data-id=\"886f956\" data-element_type=\"column\">\n                        <div class=\"elementor-widget-wrap elementor-element-populated\">\n                     \n            \n         \n        \t\t<div class=\"elementor-element elementor-element-044e1f9 kng-faq-layout-1 elementor-widget elementor-widget-kng_faq\" data-id=\"044e1f9\" data-element_type=\"widget\" data-widget_type=\"kng_faq.default\">\n\t\t\t\t<div class=\"elementor-widget-container\">\n\t\t\t\t\t<div id=\"kng_faq-044e1f9-8544\" class=\"kng-faq layout-1\">\r\n            <div class=\"faq-filter-wrap\">\r\n            <ul class=\"d-flex gutters-10 gutters-grid justify-content-xs-center  justify-content-md-center justify-content-lg-start justify-content-xl-start justify-content-start\">\r\n                                                    <li class=\"faq-filter-item\">\r\n                        <a class=\"faq-heading active\" data-toggle=\"tab\" href=\"#cat1\">Enviar Arquivos<\/a>\r\n                    <\/li>\r\n                                                                    <li class=\"faq-filter-item\">\r\n                        <a class=\"faq-heading\" data-toggle=\"tab\" href=\"#cat2\">Solicitar Arquivos<\/a>\r\n                    <\/li>\r\n                                                                    <li class=\"faq-filter-item\">\r\n                        <a class=\"faq-heading\" data-toggle=\"tab\" href=\"#cat3\">Solicitar Ajuda<\/a>\r\n                    <\/li>\r\n                                                                    <li class=\"faq-filter-item\">\r\n                        <a class=\"faq-heading\" data-toggle=\"tab\" href=\"#cat4\">Outros<\/a>\r\n                    <\/li>\r\n                                            <\/ul>\r\n        <\/div>\r\n        <div class=\"tab-contents\">\r\n                        <div class=\"faq-pane active\" id=\"cat1\">\r\n                <div class=\"faq-tabpane-1\" id=\"faq-tabpane-1\">\r\n                                            <div class=\"kng-faq-item kng-transition active kng-radius-8\" data-target=\"#kng_faq-044e1f9-8544-1c47088\">\r\n                            <div class=\"kng-faq-title\">\r\n                                <a class=\"kng-faq-title-text\">Como posso enviar documentos para an\u00e1lise?<\/a>\r\n                                <span class=\"kng-faq-title-icon\">\r\n                                    <i class=\"kng-faq-title-icon-close kng-transition kngi-plus\"><\/i>\r\n                                    <i class=\"kng-faq-title-icon-open kng-transition kngi-window-close-regular\"><\/i>     \r\n                                <\/span>\r\n                            <\/div>\r\n                            <div id=\"kng_faq-044e1f9-8544-1c47088\" class=\"kng-faq-content\" style=\"display:block\"><p>Os documentos podem ser enviados para o e-mail contato@valejudicial.com.br. Caso os arquivos sejam grandes, recomenda-se realizar o upload no Google Drive ou servi\u00e7o similar e encaminhar o link de acesso por e-mail.<\/p>\n<\/div>\r\n                        <\/div>\r\n                                            <div class=\"kng-faq-item kng-transition  kng-radius-8\" data-target=\"#kng_faq-044e1f9-8544-cfd1399\">\r\n                            <div class=\"kng-faq-title\">\r\n                                <a class=\"kng-faq-title-text\">Quais tipos de arquivos s\u00e3o aceitos?<\/a>\r\n                                <span class=\"kng-faq-title-icon\">\r\n                                    <i class=\"kng-faq-title-icon-close kng-transition kngi-plus\"><\/i>\r\n                                    <i class=\"kng-faq-title-icon-open kng-transition kngi-window-close-regular\"><\/i>     \r\n                                <\/span>\r\n                            <\/div>\r\n                            <div id=\"kng_faq-044e1f9-8544-cfd1399\" class=\"kng-faq-content\" ><p>S\u00e3o aceitos documentos em formatos comuns, como PDF, imagens ou arquivos digitais, conforme a necessidade do servi\u00e7o.<\/p>\n<\/div>\r\n                        <\/div>\r\n                                    <\/div>         \r\n            <\/div>\r\n                        <div class=\"faq-pane\" id=\"cat2\">\r\n                <div class=\"faq-tabpane-2\" id=\"faq-tabpane-2\">\r\n                                            <div class=\"kng-faq-item kng-transition active kng-radius-8\" data-target=\"#kng_faq-044e1f9-8544-69f4a84\">\r\n                            <div class=\"kng-faq-title\">\r\n                                <a class=\"kng-faq-title-text\">Como solicitar c\u00f3pias de documentos ou relat\u00f3rios?<\/a>\r\n                                <span class=\"kng-faq-title-icon\">\r\n                                    <i class=\"kng-faq-title-icon-close kng-transition kngi-plus\"><\/i>\r\n                                    <i class=\"kng-faq-title-icon-open kng-transition kngi-window-close-regular\"><\/i>     \r\n                                <\/span>\r\n                            <\/div>\r\n                            <div id=\"kng_faq-044e1f9-8544-69f4a84\" class=\"kng-faq-content\" style=\"display:block\"><p>A solicita\u00e7\u00e3o pode ser realizada por meio deste canal, utilizando o formul\u00e1rio abaixo e informando os dados necess\u00e1rios para a correta identifica\u00e7\u00e3o do pedido.<\/p>\n<\/div>\r\n                        <\/div>\r\n                                            <div class=\"kng-faq-item kng-transition  kng-radius-8\" data-target=\"#kng_faq-044e1f9-8544-94206db\">\r\n                            <div class=\"kng-faq-title\">\r\n                                <a class=\"kng-faq-title-text\">Existe prazo para disponibiliza\u00e7\u00e3o dos documentos?<\/a>\r\n                                <span class=\"kng-faq-title-icon\">\r\n                                    <i class=\"kng-faq-title-icon-close kng-transition kngi-plus\"><\/i>\r\n                                    <i class=\"kng-faq-title-icon-open kng-transition kngi-window-close-regular\"><\/i>     \r\n                                <\/span>\r\n                            <\/div>\r\n                            <div id=\"kng_faq-044e1f9-8544-94206db\" class=\"kng-faq-content\" ><p>Os prazos variam conforme o tipo de solicita\u00e7\u00e3o e ser\u00e3o informados ap\u00f3s a an\u00e1lise do pedido.<\/p>\n<\/div>\r\n                        <\/div>\r\n                                    <\/div>         \r\n            <\/div>\r\n                        <div class=\"faq-pane\" id=\"cat3\">\r\n                <div class=\"faq-tabpane-3\" id=\"faq-tabpane-3\">\r\n                                            <div class=\"kng-faq-item kng-transition active kng-radius-8\" data-target=\"#kng_faq-044e1f9-8544-852f21d\">\r\n                            <div class=\"kng-faq-title\">\r\n                                <a class=\"kng-faq-title-text\">Preciso de suporte para um servi\u00e7o espec\u00edfico. Como proceder?<\/a>\r\n                                <span class=\"kng-faq-title-icon\">\r\n                                    <i class=\"kng-faq-title-icon-close kng-transition kngi-plus\"><\/i>\r\n                                    <i class=\"kng-faq-title-icon-open kng-transition kngi-window-close-regular\"><\/i>     \r\n                                <\/span>\r\n                            <\/div>\r\n                            <div id=\"kng_faq-044e1f9-8544-852f21d\" class=\"kng-faq-content\" style=\"display:block\"><p>Utilize o formul\u00e1rio abaixo para descrever sua solicita\u00e7\u00e3o. Nossa equipe analisar\u00e1 a demanda e retornar\u00e1 com as orienta\u00e7\u00f5es adequadas.<\/p>\n<\/div>\r\n                        <\/div>\r\n                                            <div class=\"kng-faq-item kng-transition  kng-radius-8\" data-target=\"#kng_faq-044e1f9-8544-9d25663\">\r\n                            <div class=\"kng-faq-title\">\r\n                                <a class=\"kng-faq-title-text\">Posso tirar d\u00favidas antes de contratar um servi\u00e7o?<\/a>\r\n                                <span class=\"kng-faq-title-icon\">\r\n                                    <i class=\"kng-faq-title-icon-close kng-transition kngi-plus\"><\/i>\r\n                                    <i class=\"kng-faq-title-icon-open kng-transition kngi-window-close-regular\"><\/i>     \r\n                                <\/span>\r\n                            <\/div>\r\n                            <div id=\"kng_faq-044e1f9-8544-9d25663\" class=\"kng-faq-content\" ><p>Sim. Este canal est\u00e1 dispon\u00edvel para esclarecimento pr\u00e9vio de d\u00favidas e informa\u00e7\u00f5es gerais.<\/p>\n<\/div>\r\n                        <\/div>\r\n                                    <\/div>         \r\n            <\/div>\r\n                        <div class=\"faq-pane\" id=\"cat4\">\r\n                <div class=\"faq-tabpane-4\" id=\"faq-tabpane-4\">\r\n                                            <div class=\"kng-faq-item kng-transition active kng-radius-8\" data-target=\"#kng_faq-044e1f9-8544-57945bc\">\r\n                            <div class=\"kng-faq-title\">\r\n                                <a class=\"kng-faq-title-text\">N\u00e3o encontrei minha d\u00favida nesta p\u00e1gina. O que fazer?<\/a>\r\n                                <span class=\"kng-faq-title-icon\">\r\n                                    <i class=\"kng-faq-title-icon-close kng-transition kngi-plus\"><\/i>\r\n                                    <i class=\"kng-faq-title-icon-open kng-transition kngi-window-close-regular\"><\/i>     \r\n                                <\/span>\r\n                            <\/div>\r\n                            <div id=\"kng_faq-044e1f9-8544-57945bc\" class=\"kng-faq-content\" style=\"display:block\"><p>Caso sua d\u00favida n\u00e3o esteja listada, utilize o formul\u00e1rio dispon\u00edvel nesta p\u00e1gina ou fale conosco pelo WhatsApp. O n\u00famero est\u00e1 no rodap\u00e9, para atendimento direto pela equipe.<\/p>\n<\/div>\r\n                        <\/div>\r\n                                    <\/div>         \r\n            <\/div>\r\n                         \r\n        <\/div>\r\n    <\/div>\t\t\t\t<\/div>\n\t\t\t\t<\/div>\n\t\t\t\t\t<\/div>\n\t\t<\/div>\n\t\t            <\/div>\n        <\/section>\n                <section class=\"elementor-section elementor-top-section elementor-element elementor-element-470c09d elementor-section-boxed elementor-section-height-default elementor-section-height-default kng-section-overflow-hidden-no kng-boxed-bg-false kng-section-boxed-divider-false\" data-id=\"470c09d\" data-element_type=\"section\">\n                                             \n            <div class=\"elementor-container elementor-column-gap-default\">\n                    <div class=\"elementor-column elementor-col-100 elementor-top-column elementor-element elementor-element-688f454 kng-column-element-default\" data-id=\"688f454\" data-element_type=\"column\">\n                        <div class=\"elementor-widget-wrap elementor-element-populated\">\n                     \n            \n         \n        \t\t<div class=\"elementor-element elementor-element-eb72338 kng-cf7-layout-1 elementor-widget elementor-widget-kng_ctf7\" data-id=\"eb72338\" data-element_type=\"widget\" data-widget_type=\"kng_ctf7.default\">\n\t\t\t\t<div class=\"elementor-widget-container\">\n\t\t\t\t\t<div class=\"kng-cf7 relative\">\r\n    <div class=\"kng-cf7-inner\">\r\n    \t        <div class=\"kng-cf-heading mb-30\">\r\n            <h3>Formul\u00e1rio de Contato<\/h3>\r\n            <p>Utilize esse formul\u00e1rio para enviar sua solicita\u00e7\u00e3o ou tirar d\u00favidas.<\/p>\r\n        <\/div>\r\n    \t        <div class=\"kng-cf-form\">\n<div class=\"wpcf7 no-js\" id=\"wpcf7-f206-o1\" lang=\"en-US\" dir=\"ltr\" data-wpcf7-id=\"206\">\n<div class=\"screen-reader-response\"><p role=\"status\" aria-live=\"polite\" aria-atomic=\"true\"><\/p> <ul><\/ul><\/div>\n<form action=\"\/en\/wp-json\/wp\/v2\/pages\/607#wpcf7-f206-o1\" method=\"post\" class=\"wpcf7-form init\" aria-label=\"Contact form\" novalidate=\"novalidate\" data-status=\"init\" data-trp-original-action=\"\/en\/wp-json\/wp\/v2\/pages\/607#wpcf7-f206-o1\">\n<div style=\"display: none;\">\n<input type=\"hidden\" name=\"_wpcf7\" value=\"206\" \/>\n<input type=\"hidden\" name=\"_wpcf7_version\" value=\"6.0.6\" \/>\n<input type=\"hidden\" name=\"_wpcf7_locale\" value=\"en_US\" \/>\n<input type=\"hidden\" name=\"_wpcf7_unit_tag\" value=\"wpcf7-f206-o1\" \/>\n<input type=\"hidden\" name=\"_wpcf7_container_post\" value=\"0\" \/>\n<input type=\"hidden\" name=\"_wpcf7_posted_data_hash\" value=\"\" \/>\n<\/div>\n<div class=\"contact-main\">\n\t<div class=\"row\">\n\t\t<div class=\"col-12 mb-15\">\n\t\t\t<p><span class=\"wpcf7-form-control-wrap\" data-name=\"your-name\"><input size=\"40\" maxlength=\"400\" class=\"wpcf7-form-control wpcf7-text wpcf7-validates-as-required cff\" aria-required=\"true\" aria-invalid=\"false\" placeholder=\"Nome Completo\" value=\"\" type=\"text\" name=\"your-name\" \/><\/span><span class=\"icon kngi-user-alt\"><\/span>\n\t\t\t<\/p>\n\t\t<\/div>\n\t\t<div class=\"col-12 mb-15\">\n\t\t\t<p><span class=\"wpcf7-form-control-wrap\" data-name=\"your-email\"><input size=\"40\" maxlength=\"400\" class=\"wpcf7-form-control wpcf7-email wpcf7-validates-as-required wpcf7-text wpcf7-validates-as-email cff\" aria-required=\"true\" aria-invalid=\"false\" placeholder=\"Seu E-mail\" value=\"\" type=\"email\" name=\"your-email\" \/><\/span><span class=\"icon kngi-envelope-open-regular\"><\/span>\n\t\t\t<\/p>\n\t\t<\/div>\n\t\t<div class=\"col-12 mb-15\">\n\t\t\t<p><span class=\"wpcf7-form-control-wrap\" data-name=\"tel\"><input size=\"40\" maxlength=\"400\" class=\"wpcf7-form-control wpcf7-tel wpcf7-validates-as-required wpcf7-text wpcf7-validates-as-tel cff\" aria-required=\"true\" aria-invalid=\"false\" placeholder=\"Seu Telefone\" value=\"\" type=\"tel\" name=\"tel\" \/><\/span><span class=\"icon kngi-phone\"><\/span>\n\t\t\t<\/p>\n\t\t<\/div>\n\t\t<div class=\"col-12 mb-15\">\n\t\t\t<p><span class=\"wpcf7-form-control-wrap\" data-name=\"message\"><textarea cols=\"40\" rows=\"9\" maxlength=\"2000\" class=\"wpcf7-form-control wpcf7-textarea cff\" aria-invalid=\"false\" placeholder=\"Digite sua mensagem aqui\" name=\"message\"><\/textarea><\/span>\n\t\t\t<\/p>\n\t\t<\/div>\n\t\t<div class=\"col-12 btn-div\">\n\t\t\t<p><button class=\"btn\" type=\"submit\">Enviar <span class=\"kngi-arrow-right-solid\"><\/span><\/button>\n\t\t\t<\/p>\n\t\t<\/div>\n\t<\/div>\n<\/div><div class=\"wpcf7-response-output\" aria-hidden=\"true\"><\/div>\n<input type=\"hidden\" name=\"trp-form-language\" value=\"en\"\/><\/form>\n<\/div>\n<\/div>\r\n    <\/div>\r\n<\/div>\t\t\t\t<\/div>\n\t\t\t\t<\/div>\n\t\t\t\t\t<\/div>\n\t\t<\/div>\n\t\t            <\/div>\n        <\/section>\n        \t\t<\/div>","protected":false},"excerpt":{"rendered":"<p>Central de apoio Perguntas &amp; Respostas Enviar Arquivos Solicitar Arquivos Solicitar Ajuda Outros Como posso enviar documentos para an\u00e1lise? Os documentos podem ser enviados para o e-mail contato@valejudicial.com.br. Caso os arquivos sejam grandes, recomenda-se realizar o upload no Google Drive ou servi\u00e7o similar e encaminhar o link de acesso por e-mail. Quais tipos de arquivos [&hellip;]<\/p>","protected":false},"author":1,"featured_media":0,"parent":0,"menu_order":0,"comment_status":"closed","ping_status":"closed","template":"","meta":{"footnotes":""},"class_list":["post-607","page","type-page","status-publish","hentry","kng-no-post-thumbnail"],"_links":{"self":[{"href":"https:\/\/valejudicial.com.br\/en\/wp-json\/wp\/v2\/pages\/607","targetHints":{"allow":["GET"]}}],"collection":[{"href":"https:\/\/valejudicial.com.br\/en\/wp-json\/wp\/v2\/pages"}],"about":[{"href":"https:\/\/valejudicial.com.br\/en\/wp-json\/wp\/v2\/types\/page"}],"author":[{"embeddable":true,"href":"https:\/\/valejudicial.com.br\/en\/wp-json\/wp\/v2\/users\/1"}],"replies":[{"embeddable":true,"href":"https:\/\/valejudicial.com.br\/en\/wp-json\/wp\/v2\/comments?post=607"}],"version-history":[{"count":96,"href":"https:\/\/valejudicial.com.br\/en\/wp-json\/wp\/v2\/pages\/607\/revisions"}],"predecessor-version":[{"id":9164,"href":"https:\/\/valejudicial.com.br\/en\/wp-json\/wp\/v2\/pages\/607\/revisions\/9164"}],"wp:attachment":[{"href":"https:\/\/valejudicial.com.br\/en\/wp-json\/wp\/v2\/media?parent=607"}],"curies":[{"name":"wp","href":"https:\/\/api.w.org\/{rel}","templated":true}]}}