{"id":186,"date":"2021-10-08T07:38:26","date_gmt":"2021-10-08T07:38:26","guid":{"rendered":"https:\/\/demo.bravisthemes.com\/lawgne\/?page_id=186"},"modified":"2025-12-28T04:21:48","modified_gmt":"2025-12-28T07:21:48","slug":"contato","status":"publish","type":"page","link":"https:\/\/valejudicial.com.br\/en\/contato\/","title":{"rendered":"Contato"},"content":{"rendered":"<div data-elementor-type=\"wp-page\" data-elementor-id=\"186\" class=\"elementor elementor-186\">\n\t\t\t\t        <section class=\"elementor-section elementor-top-section elementor-element elementor-element-31da8b3 elementor-section-boxed elementor-section-height-default elementor-section-height-default kng-section-overflow-hidden-no kng-section-boxed-divider-false\" data-id=\"31da8b3\" data-element_type=\"section\">\n                                    <div class=\"elementor-background-overlay\"><\/div>\n                                         \n            <div class=\"elementor-container elementor-column-gap-default\">\n                    <div class=\"elementor-column elementor-col-100 elementor-top-column elementor-element elementor-element-8466c44 kng-column-element-default\" data-id=\"8466c44\" data-element_type=\"column\">\n                        <div class=\"elementor-widget-wrap elementor-element-populated\">\n                     \n            \n         \n        \t\t<div class=\"elementor-element elementor-element-3f0f2d1 kng-heading-layout-2 elementor-widget elementor-widget-kng_heading\" data-id=\"3f0f2d1\" data-element_type=\"widget\" data-widget_type=\"kng_heading.default\">\n\t\t\t\t<div class=\"elementor-widget-container\">\n\t\t\t\t\t<div class=\"kng-heading-wrap text-center\">\n            <div class=\"item-sub-title style-divider\">\n            <span>Contato<\/span>\n        <\/div>\n        <h2 class=\"item-title\">\n        <span>Canal de Atendimento<\/span>    <\/h2>\n<\/div>\n\n\t\t\t\t<\/div>\n\t\t\t\t<\/div>\n\t\t\t\t\t<\/div>\n\t\t<\/div>\n\t\t            <\/div>\n        <\/section>\n                <section class=\"elementor-section elementor-top-section elementor-element elementor-element-b47c066 elementor-section-boxed elementor-section-height-default elementor-section-height-default kng-section-overflow-hidden-no kng-boxed-bg-false kng-section-boxed-divider-false\" data-id=\"b47c066\" data-element_type=\"section\">\n                                             \n            <div class=\"elementor-container elementor-column-gap-default\">\n                    <div class=\"elementor-column elementor-col-100 elementor-top-column elementor-element elementor-element-bcb8669 kng-column-element-default\" data-id=\"bcb8669\" data-element_type=\"column\">\n                        <div class=\"elementor-widget-wrap elementor-element-populated\">\n                     \n            \n         \n        \t\t<div class=\"elementor-element elementor-element-1fb4f24 kng-cf7-layout-1 elementor-widget elementor-widget-kng_ctf7\" data-id=\"1fb4f24\" data-element_type=\"widget\" data-widget_type=\"kng_ctf7.default\">\n\t\t\t\t<div class=\"elementor-widget-container\">\n\t\t\t\t\t<div class=\"kng-cf7 relative\">\r\n    <div class=\"kng-cf7-inner\">\r\n    \t        <div class=\"kng-cf-heading mb-30\">\r\n            <h3>Tem alguma d\u00favida ou solicita\u00e7\u00e3o?<\/h3>\r\n            <p>Utilize o formul\u00e1rio abaixo.<\/p>\r\n        <\/div>\r\n    \t        <div class=\"kng-cf-form\">\n<div class=\"wpcf7 no-js\" id=\"wpcf7-f206-o1\" lang=\"en-US\" dir=\"ltr\" data-wpcf7-id=\"206\">\n<div class=\"screen-reader-response\"><p role=\"status\" aria-live=\"polite\" aria-atomic=\"true\"><\/p> <ul><\/ul><\/div>\n<form action=\"\/en\/wp-json\/wp\/v2\/pages\/186#wpcf7-f206-o1\" method=\"post\" class=\"wpcf7-form init\" aria-label=\"Contact form\" novalidate=\"novalidate\" data-status=\"init\" data-trp-original-action=\"\/en\/wp-json\/wp\/v2\/pages\/186#wpcf7-f206-o1\">\n<div style=\"display: none;\">\n<input type=\"hidden\" name=\"_wpcf7\" value=\"206\" \/>\n<input type=\"hidden\" name=\"_wpcf7_version\" value=\"6.0.6\" \/>\n<input type=\"hidden\" name=\"_wpcf7_locale\" value=\"en_US\" \/>\n<input type=\"hidden\" name=\"_wpcf7_unit_tag\" value=\"wpcf7-f206-o1\" \/>\n<input type=\"hidden\" name=\"_wpcf7_container_post\" value=\"0\" \/>\n<input type=\"hidden\" name=\"_wpcf7_posted_data_hash\" value=\"\" \/>\n<\/div>\n<div class=\"contact-main\">\n\t<div class=\"row\">\n\t\t<div class=\"col-12 mb-15\">\n\t\t\t<p><span class=\"wpcf7-form-control-wrap\" data-name=\"your-name\"><input size=\"40\" maxlength=\"400\" class=\"wpcf7-form-control wpcf7-text wpcf7-validates-as-required cff\" aria-required=\"true\" aria-invalid=\"false\" placeholder=\"Nome Completo\" value=\"\" type=\"text\" name=\"your-name\" \/><\/span><span class=\"icon kngi-user-alt\"><\/span>\n\t\t\t<\/p>\n\t\t<\/div>\n\t\t<div class=\"col-12 mb-15\">\n\t\t\t<p><span class=\"wpcf7-form-control-wrap\" data-name=\"your-email\"><input size=\"40\" maxlength=\"400\" class=\"wpcf7-form-control wpcf7-email wpcf7-validates-as-required wpcf7-text wpcf7-validates-as-email cff\" aria-required=\"true\" aria-invalid=\"false\" placeholder=\"Seu E-mail\" value=\"\" type=\"email\" name=\"your-email\" \/><\/span><span class=\"icon kngi-envelope-open-regular\"><\/span>\n\t\t\t<\/p>\n\t\t<\/div>\n\t\t<div class=\"col-12 mb-15\">\n\t\t\t<p><span class=\"wpcf7-form-control-wrap\" data-name=\"tel\"><input size=\"40\" maxlength=\"400\" class=\"wpcf7-form-control wpcf7-tel wpcf7-validates-as-required wpcf7-text wpcf7-validates-as-tel cff\" aria-required=\"true\" aria-invalid=\"false\" placeholder=\"Seu Telefone\" value=\"\" type=\"tel\" name=\"tel\" \/><\/span><span class=\"icon kngi-phone\"><\/span>\n\t\t\t<\/p>\n\t\t<\/div>\n\t\t<div class=\"col-12 mb-15\">\n\t\t\t<p><span class=\"wpcf7-form-control-wrap\" data-name=\"message\"><textarea cols=\"40\" rows=\"9\" maxlength=\"2000\" class=\"wpcf7-form-control wpcf7-textarea cff\" aria-invalid=\"false\" placeholder=\"Digite sua mensagem aqui\" name=\"message\"><\/textarea><\/span>\n\t\t\t<\/p>\n\t\t<\/div>\n\t\t<div class=\"col-12 btn-div\">\n\t\t\t<p><button class=\"btn\" type=\"submit\">Enviar <span class=\"kngi-arrow-right-solid\"><\/span><\/button>\n\t\t\t<\/p>\n\t\t<\/div>\n\t<\/div>\n<\/div><div class=\"wpcf7-response-output\" aria-hidden=\"true\"><\/div>\n<input type=\"hidden\" name=\"trp-form-language\" value=\"en\"\/><\/form>\n<\/div>\n<\/div>\r\n    <\/div>\r\n<\/div>\t\t\t\t<\/div>\n\t\t\t\t<\/div>\n\t\t\t\t\t<\/div>\n\t\t<\/div>\n\t\t            <\/div>\n        <\/section>\n        \t\t<\/div>","protected":false},"excerpt":{"rendered":"<p>Contato Canal de Atendimento Tem alguma d\u00favida ou solicita\u00e7\u00e3o? Utilize o formul\u00e1rio abaixo. Enviar<\/p>","protected":false},"author":1,"featured_media":0,"parent":0,"menu_order":0,"comment_status":"closed","ping_status":"closed","template":"","meta":{"footnotes":""},"class_list":["post-186","page","type-page","status-publish","hentry","kng-no-post-thumbnail"],"_links":{"self":[{"href":"https:\/\/valejudicial.com.br\/en\/wp-json\/wp\/v2\/pages\/186","targetHints":{"allow":["GET"]}}],"collection":[{"href":"https:\/\/valejudicial.com.br\/en\/wp-json\/wp\/v2\/pages"}],"about":[{"href":"https:\/\/valejudicial.com.br\/en\/wp-json\/wp\/v2\/types\/page"}],"author":[{"embeddable":true,"href":"https:\/\/valejudicial.com.br\/en\/wp-json\/wp\/v2\/users\/1"}],"replies":[{"embeddable":true,"href":"https:\/\/valejudicial.com.br\/en\/wp-json\/wp\/v2\/comments?post=186"}],"version-history":[{"count":61,"href":"https:\/\/valejudicial.com.br\/en\/wp-json\/wp\/v2\/pages\/186\/revisions"}],"predecessor-version":[{"id":9136,"href":"https:\/\/valejudicial.com.br\/en\/wp-json\/wp\/v2\/pages\/186\/revisions\/9136"}],"wp:attachment":[{"href":"https:\/\/valejudicial.com.br\/en\/wp-json\/wp\/v2\/media?parent=186"}],"curies":[{"name":"wp","href":"https:\/\/api.w.org\/{rel}","templated":true}]}}