{"id":160,"date":"2021-10-07T08:25:49","date_gmt":"2021-10-07T08:25:49","guid":{"rendered":"https:\/\/demo.bravisthemes.com\/lawgne\/?page_id=160"},"modified":"2025-12-04T02:23:15","modified_gmt":"2025-12-04T05:23:15","slug":"blog","status":"publish","type":"page","link":"https:\/\/valejudicial.com.br\/en\/blog\/","title":{"rendered":"Blog"},"content":{"rendered":"<div data-elementor-type=\"wp-page\" data-elementor-id=\"160\" class=\"elementor elementor-160\">\n\t\t\t\t        <section class=\"elementor-section elementor-top-section elementor-element elementor-element-e87df27 elementor-section-boxed elementor-section-height-default elementor-section-height-default kng-section-overflow-hidden-no kng-boxed-bg-false kng-section-boxed-divider-false\" data-id=\"e87df27\" data-element_type=\"section\">\n                                             \n            <div class=\"elementor-container elementor-column-gap-default\">\n                    <div class=\"elementor-column elementor-col-100 elementor-top-column elementor-element elementor-element-7df9758 kng-column-element-default\" data-id=\"7df9758\" data-element_type=\"column\">\n                        <div class=\"elementor-widget-wrap elementor-element-populated\">\n                     \n            \n         \n        \t\t<div class=\"elementor-element elementor-element-98df6e1 kng-heading-layout-2 elementor-widget elementor-widget-kng_heading\" data-id=\"98df6e1\" data-element_type=\"widget\" data-widget_type=\"kng_heading.default\">\n\t\t\t\t<div class=\"elementor-widget-container\">\n\t\t\t\t\t<div class=\"kng-heading-wrap text-xs-center     text-center\">\n            <div class=\"item-sub-title style-divider\">\n            <span>Artigos & Conte\u00fados<\/span>\n        <\/div>\n        <h2 class=\"item-title\">\n        <span>Leia nosso blog<\/span>    <\/h2>\n<\/div>\n\n\t\t\t\t<\/div>\n\t\t\t\t<\/div>\n\t\t\t\t\t<\/div>\n\t\t<\/div>\n\t\t            <\/div>\n        <\/section>\n                <section class=\"elementor-section elementor-top-section elementor-element elementor-element-130d220 elementor-section-boxed elementor-section-height-default elementor-section-height-default kng-section-overflow-hidden-no kng-boxed-bg-false kng-section-boxed-divider-false\" data-id=\"130d220\" data-element_type=\"section\">\n                                             \n            <div class=\"elementor-container elementor-column-gap-default\">\n                    <div class=\"elementor-column elementor-col-100 elementor-top-column elementor-element elementor-element-95b554d kng-column-element-default\" data-id=\"95b554d\" data-element_type=\"column\">\n                        <div class=\"elementor-widget-wrap elementor-element-populated\">\n                     \n            \n         \n        \t\t<div class=\"elementor-element elementor-element-edea48d kng-post-layout-2 elementor-widget elementor-widget-kng_post_grid\" data-id=\"edea48d\" data-element_type=\"widget\" data-widget_type=\"kng_post_grid.default\">\n\t\t\t\t<div class=\"elementor-widget-container\">\n\t\t\t\t\t\r\n<div id=\"kng_post_grid-edea48d-9273\" class=\"kng-grid kng-post-grid layout-2\" data-layoutmode=\"fitRows\" data-layout=\"masonry\" data-start-page=\"1\" data-max-pages=\"1\" data-total=\"6\" data-perpage=\"9\" data-next-link=\"\">\r\n        <div class=\"kng-grid-inner kng-grid-masonry row relative animation-time\" data-layout=\"fitRows\" style=\"margin:-15px\">\r\n                    <div class=\"kng-grid-item col-xxl-4 col-xl-4 col-lg-6 col-md-6 col-sm-12\" style=\"padding:15px;\">\n                                        <div class=\"kng-item-content kng-transition clearfix\">\n                            <div class=\"kng-featured-wrap empty-none\">    <div class=\"kng-featured kng-post-standard\"><div class=\"kng-featured-inner relative\">            <div class=\"post-image kng-post-image  full\">\r\n                <a href=\"https:\/\/valejudicial.com.br\/en\/etica-transparencia-e-tecnica-os-alicerces-da-atuacao-pericial-moderna\/\" title=\"106Blog\" rel=\"nofollow\"><img fetchpriority=\"high\" decoding=\"async\" width=\"740\" height=\"540\" src=\"https:\/\/valejudicial.com.br\/wp-content\/uploads\/2025\/11\/post-563545346-740x540.jpg\" class=\"attachment-medium size-medium wp-post-image\" alt=\"\" \/><\/a>            <\/div>\r\n            <\/div><\/div>\r\n            <span class=\"kng-post-cat col-auto empty-none\">\n            <span class=\"meta-inner\">\n                <a href=\"https:\/\/valejudicial.com.br\/en\/category\/blog\/\" rel=\"tag\">Blog<\/a>            <\/span>\n        <\/span>\n    <\/div>\n                            <div class=\"kng-item-content-inner\">\n                                            <div class=\"kng-post-meta\">\n                <div class=\"kng-post-meta-inner row align-items-center\">\n                            <span class=\"kng-post-date col-auto\">\n            <span class=\"meta-inner\">\n                <span class=\"meta-icon kngi-calendar-alt-regular text-accent\"><\/span>                <span>12 de November de 2025<\/span>\n            <\/span>\n        <\/span>\n                        <\/div>\n            <\/div>\n        \n                                <h4 class=\"kng-item-content-title kng-heading\">\n                                    <a href=\"https:\/\/valejudicial.com.br\/en\/etica-transparencia-e-tecnica-os-alicerces-da-atuacao-pericial-moderna\/\">\u00c9tica, Transpar\u00eancia e T\u00e9cnica: Os Alicerces da Atua\u00e7\u00e3o Pericial Moderna<\/a>\n                                <\/h4>\n                                  \n                                                                \n                                                                    <div class=\"kng-btn-wraps kng-post-item-readmore kng-transition\">\n                                        <a href=\"https:\/\/valejudicial.com.br\/en\/etica-transparencia-e-tecnica-os-alicerces-da-atuacao-pericial-moderna\/\" class=\"kng-readmore kng-readmore d-inline-block btn-link\">\n                                            <span class=\"kng-btn-content\">\n                                                <span class=\"kng-btn-text\">Saiba Mais<\/span>\n                                                <span class=\"kng-btn-icon kngi-arrow-right-solid\"><\/span>\n                                            <\/span>\n                                        <\/a>\n                                    <\/div>\n                                  \n                            <\/div>\n                        <\/div>\n                                    <\/div>\n                    <div class=\"kng-grid-item col-xxl-4 col-xl-4 col-lg-6 col-md-6 col-sm-12\" style=\"padding:15px;\">\n                                        <div class=\"kng-item-content kng-transition clearfix\">\n                            <div class=\"kng-featured-wrap empty-none\">    <div class=\"kng-featured kng-post-standard\"><div class=\"kng-featured-inner relative\">            <div class=\"post-image kng-post-image  full\">\r\n                <a href=\"https:\/\/valejudicial.com.br\/en\/governanca-corporativa-e-compliance-pilares-de-sustentabilidade-empresarial\/\" title=\"102Blog\" rel=\"nofollow\"><img decoding=\"async\" width=\"740\" height=\"540\" src=\"https:\/\/valejudicial.com.br\/wp-content\/uploads\/2025\/11\/post-5746353-740x540.jpg\" class=\"attachment-medium size-medium wp-post-image\" alt=\"\" \/><\/a>            <\/div>\r\n            <\/div><\/div>\r\n            <span class=\"kng-post-cat col-auto empty-none\">\n            <span class=\"meta-inner\">\n                <a href=\"https:\/\/valejudicial.com.br\/en\/category\/blog\/\" rel=\"tag\">Blog<\/a>            <\/span>\n        <\/span>\n    <\/div>\n                            <div class=\"kng-item-content-inner\">\n                                            <div class=\"kng-post-meta\">\n                <div class=\"kng-post-meta-inner row align-items-center\">\n                            <span class=\"kng-post-date col-auto\">\n            <span class=\"meta-inner\">\n                <span class=\"meta-icon kngi-calendar-alt-regular text-accent\"><\/span>                <span>11 de November de 2025<\/span>\n            <\/span>\n        <\/span>\n                        <\/div>\n            <\/div>\n        \n                                <h4 class=\"kng-item-content-title kng-heading\">\n                                    <a href=\"https:\/\/valejudicial.com.br\/en\/governanca-corporativa-e-compliance-pilares-de-sustentabilidade-empresarial\/\">Governan\u00e7a Corporativa e Compliance: Pilares de Sustentabilidade Empresarial<\/a>\n                                <\/h4>\n                                  \n                                                                \n                                                                    <div class=\"kng-btn-wraps kng-post-item-readmore kng-transition\">\n                                        <a href=\"https:\/\/valejudicial.com.br\/en\/governanca-corporativa-e-compliance-pilares-de-sustentabilidade-empresarial\/\" class=\"kng-readmore kng-readmore d-inline-block btn-link\">\n                                            <span class=\"kng-btn-content\">\n                                                <span class=\"kng-btn-text\">Saiba Mais<\/span>\n                                                <span class=\"kng-btn-icon kngi-arrow-right-solid\"><\/span>\n                                            <\/span>\n                                        <\/a>\n                                    <\/div>\n                                  \n                            <\/div>\n                        <\/div>\n                                    <\/div>\n                    <div class=\"kng-grid-item col-xxl-4 col-xl-4 col-lg-6 col-md-6 col-sm-12\" style=\"padding:15px;\">\n                                        <div class=\"kng-item-content kng-transition clearfix\">\n                            <div class=\"kng-featured-wrap empty-none\">    <div class=\"kng-featured kng-post-standard\"><div class=\"kng-featured-inner relative\">            <div class=\"post-image kng-post-image  full\">\r\n                <a href=\"https:\/\/valejudicial.com.br\/en\/pericia-contabil-a-ciencia-que-sustenta-decisoes-empresariais-e-judiciais\/\" title=\"104Blog\" rel=\"nofollow\"><img decoding=\"async\" width=\"740\" height=\"540\" src=\"https:\/\/valejudicial.com.br\/wp-content\/uploads\/2025\/11\/post-5346873-740x540.jpg\" class=\"attachment-medium size-medium wp-post-image\" alt=\"\" \/><\/a>            <\/div>\r\n            <\/div><\/div>\r\n            <span class=\"kng-post-cat col-auto empty-none\">\n            <span class=\"meta-inner\">\n                <a href=\"https:\/\/valejudicial.com.br\/en\/category\/blog\/\" rel=\"tag\">Blog<\/a>            <\/span>\n        <\/span>\n    <\/div>\n                            <div class=\"kng-item-content-inner\">\n                                            <div class=\"kng-post-meta\">\n                <div class=\"kng-post-meta-inner row align-items-center\">\n                            <span class=\"kng-post-date col-auto\">\n            <span class=\"meta-inner\">\n                <span class=\"meta-icon kngi-calendar-alt-regular text-accent\"><\/span>                <span>11 de November de 2025<\/span>\n            <\/span>\n        <\/span>\n                        <\/div>\n            <\/div>\n        \n                                <h4 class=\"kng-item-content-title kng-heading\">\n                                    <a href=\"https:\/\/valejudicial.com.br\/en\/pericia-contabil-a-ciencia-que-sustenta-decisoes-empresariais-e-judiciais\/\">Per\u00edcia Cont\u00e1bil: A Ci\u00eancia que Sustenta Decis\u00f5es Empresariais e Judiciais<\/a>\n                                <\/h4>\n                                  \n                                                                \n                                                                    <div class=\"kng-btn-wraps kng-post-item-readmore kng-transition\">\n                                        <a href=\"https:\/\/valejudicial.com.br\/en\/pericia-contabil-a-ciencia-que-sustenta-decisoes-empresariais-e-judiciais\/\" class=\"kng-readmore kng-readmore d-inline-block btn-link\">\n                                            <span class=\"kng-btn-content\">\n                                                <span class=\"kng-btn-text\">Saiba Mais<\/span>\n                                                <span class=\"kng-btn-icon kngi-arrow-right-solid\"><\/span>\n                                            <\/span>\n                                        <\/a>\n                                    <\/div>\n                                  \n                            <\/div>\n                        <\/div>\n                                    <\/div>\n                    <div class=\"kng-grid-item col-xxl-4 col-xl-4 col-lg-6 col-md-6 col-sm-12\" style=\"padding:15px;\">\n                                        <div class=\"kng-item-content kng-transition clearfix\">\n                            <div class=\"kng-featured-wrap empty-none\">    <div class=\"kng-featured kng-post-standard\"><div class=\"kng-featured-inner relative\">            <div class=\"post-image kng-post-image  full\">\r\n                <a href=\"https:\/\/valejudicial.com.br\/en\/documentoscopia-digital-garantindo-autenticidade-e-seguranca-em-um-mundo-eletronico\/\" title=\"99Blog\" rel=\"nofollow\"><img loading=\"lazy\" decoding=\"async\" width=\"740\" height=\"540\" src=\"https:\/\/valejudicial.com.br\/wp-content\/uploads\/2025\/11\/post-59975423-740x540.jpg\" class=\"attachment-medium size-medium wp-post-image\" alt=\"\" \/><\/a>            <\/div>\r\n            <\/div><\/div>\r\n            <span class=\"kng-post-cat col-auto empty-none\">\n            <span class=\"meta-inner\">\n                <a href=\"https:\/\/valejudicial.com.br\/en\/category\/blog\/\" rel=\"tag\">Blog<\/a>            <\/span>\n        <\/span>\n    <\/div>\n                            <div class=\"kng-item-content-inner\">\n                                            <div class=\"kng-post-meta\">\n                <div class=\"kng-post-meta-inner row align-items-center\">\n                            <span class=\"kng-post-date col-auto\">\n            <span class=\"meta-inner\">\n                <span class=\"meta-icon kngi-calendar-alt-regular text-accent\"><\/span>                <span>11 de November de 2025<\/span>\n            <\/span>\n        <\/span>\n                        <\/div>\n            <\/div>\n        \n                                <h4 class=\"kng-item-content-title kng-heading\">\n                                    <a href=\"https:\/\/valejudicial.com.br\/en\/documentoscopia-digital-garantindo-autenticidade-e-seguranca-em-um-mundo-eletronico\/\">Documentoscopia Digital: Garantindo Autenticidade e Seguran\u00e7a em um Mundo Eletr\u00f4nico<\/a>\n                                <\/h4>\n                                  \n                                                                \n                                                                    <div class=\"kng-btn-wraps kng-post-item-readmore kng-transition\">\n                                        <a href=\"https:\/\/valejudicial.com.br\/en\/documentoscopia-digital-garantindo-autenticidade-e-seguranca-em-um-mundo-eletronico\/\" class=\"kng-readmore kng-readmore d-inline-block btn-link\">\n                                            <span class=\"kng-btn-content\">\n                                                <span class=\"kng-btn-text\">Saiba Mais<\/span>\n                                                <span class=\"kng-btn-icon kngi-arrow-right-solid\"><\/span>\n                                            <\/span>\n                                        <\/a>\n                                    <\/div>\n                                  \n                            <\/div>\n                        <\/div>\n                                    <\/div>\n                    <div class=\"kng-grid-item col-xxl-4 col-xl-4 col-lg-6 col-md-6 col-sm-12\" style=\"padding:15px;\">\n                                        <div class=\"kng-item-content kng-transition clearfix\">\n                            <div class=\"kng-featured-wrap empty-none\">    <div class=\"kng-featured kng-post-standard\"><div class=\"kng-featured-inner relative\">            <div class=\"post-image kng-post-image  full\">\r\n                <a href=\"https:\/\/valejudicial.com.br\/en\/administracao-judicial-transparencia-e-tecnica-na-recuperacao-empresarial\/\" title=\"96Blog\" rel=\"nofollow\"><img loading=\"lazy\" decoding=\"async\" width=\"740\" height=\"540\" src=\"https:\/\/valejudicial.com.br\/wp-content\/uploads\/2025\/11\/post-5444780-740x540.jpg\" class=\"attachment-medium size-medium wp-post-image\" alt=\"\" \/><\/a>            <\/div>\r\n            <\/div><\/div>\r\n            <span class=\"kng-post-cat col-auto empty-none\">\n            <span class=\"meta-inner\">\n                <a href=\"https:\/\/valejudicial.com.br\/en\/category\/blog\/\" rel=\"tag\">Blog<\/a>            <\/span>\n        <\/span>\n    <\/div>\n                            <div class=\"kng-item-content-inner\">\n                                            <div class=\"kng-post-meta\">\n                <div class=\"kng-post-meta-inner row align-items-center\">\n                            <span class=\"kng-post-date col-auto\">\n            <span class=\"meta-inner\">\n                <span class=\"meta-icon kngi-calendar-alt-regular text-accent\"><\/span>                <span>11 de November de 2025<\/span>\n            <\/span>\n        <\/span>\n                        <\/div>\n            <\/div>\n        \n                                <h4 class=\"kng-item-content-title kng-heading\">\n                                    <a href=\"https:\/\/valejudicial.com.br\/en\/administracao-judicial-transparencia-e-tecnica-na-recuperacao-empresarial\/\">Administra\u00e7\u00e3o Judicial: Transpar\u00eancia e T\u00e9cnica na Recupera\u00e7\u00e3o Empresarial<\/a>\n                                <\/h4>\n                                  \n                                                                \n                                                                    <div class=\"kng-btn-wraps kng-post-item-readmore kng-transition\">\n                                        <a href=\"https:\/\/valejudicial.com.br\/en\/administracao-judicial-transparencia-e-tecnica-na-recuperacao-empresarial\/\" class=\"kng-readmore kng-readmore d-inline-block btn-link\">\n                                            <span class=\"kng-btn-content\">\n                                                <span class=\"kng-btn-text\">Saiba Mais<\/span>\n                                                <span class=\"kng-btn-icon kngi-arrow-right-solid\"><\/span>\n                                            <\/span>\n                                        <\/a>\n                                    <\/div>\n                                  \n                            <\/div>\n                        <\/div>\n                                    <\/div>\n                    <div class=\"kng-grid-item col-xxl-4 col-xl-4 col-lg-6 col-md-6 col-sm-12\" style=\"padding:15px;\">\n                                        <div class=\"kng-item-content kng-transition clearfix\">\n                            <div class=\"kng-featured-wrap empty-none\">    <div class=\"kng-featured kng-post-standard\"><div class=\"kng-featured-inner relative\">            <div class=\"post-image kng-post-image  full\">\r\n                <a href=\"https:\/\/valejudicial.com.br\/en\/pericia-judicial-a-base-tecnica-da-verdade-nos-processos\/\" title=\"92Blog\" rel=\"nofollow\"><img loading=\"lazy\" decoding=\"async\" width=\"740\" height=\"540\" src=\"https:\/\/valejudicial.com.br\/wp-content\/uploads\/2025\/11\/post-5447833-740x540.jpg\" class=\"attachment-medium size-medium wp-post-image\" alt=\"\" \/><\/a>            <\/div>\r\n            <\/div><\/div>\r\n            <span class=\"kng-post-cat col-auto empty-none\">\n            <span class=\"meta-inner\">\n                <a href=\"https:\/\/valejudicial.com.br\/en\/category\/blog\/\" rel=\"tag\">Blog<\/a>            <\/span>\n        <\/span>\n    <\/div>\n                            <div class=\"kng-item-content-inner\">\n                                            <div class=\"kng-post-meta\">\n                <div class=\"kng-post-meta-inner row align-items-center\">\n                            <span class=\"kng-post-date col-auto\">\n            <span class=\"meta-inner\">\n                <span class=\"meta-icon kngi-calendar-alt-regular text-accent\"><\/span>                <span>10 de November de 2025<\/span>\n            <\/span>\n        <\/span>\n                        <\/div>\n            <\/div>\n        \n                                <h4 class=\"kng-item-content-title kng-heading\">\n                                    <a href=\"https:\/\/valejudicial.com.br\/en\/pericia-judicial-a-base-tecnica-da-verdade-nos-processos\/\">Per\u00edcia Judicial: A Base T\u00e9cnica da Verdade nos Processos<\/a>\n                                <\/h4>\n                                  \n                                                                \n                                                                    <div class=\"kng-btn-wraps kng-post-item-readmore kng-transition\">\n                                        <a href=\"https:\/\/valejudicial.com.br\/en\/pericia-judicial-a-base-tecnica-da-verdade-nos-processos\/\" class=\"kng-readmore kng-readmore d-inline-block btn-link\">\n                                            <span class=\"kng-btn-content\">\n                                                <span class=\"kng-btn-text\">Saiba Mais<\/span>\n                                                <span class=\"kng-btn-icon kngi-arrow-right-solid\"><\/span>\n                                            <\/span>\n                                        <\/a>\n                                    <\/div>\n                                  \n                            <\/div>\n                        <\/div>\n                                    <\/div>\n                <div class=\"kng-grid-overlay\"><\/div>\r\n    <\/div>\r\n            <div class=\"kng-post-pagination kng-grid-pagination\" data-loadmore=\"{&quot;layout&quot;:&quot;2&quot;,&quot;startPage&quot;:1,&quot;maxPages&quot;:1,&quot;total&quot;:6,&quot;perpage&quot;:9,&quot;nextLink&quot;:&quot;&quot;,&quot;source&quot;:[&quot;blog|category&quot;],&quot;orderby&quot;:&quot;date&quot;,&quot;order&quot;:&quot;desc&quot;,&quot;limit&quot;:9,&quot;post_ids&quot;:&quot;&quot;,&quot;pagination_type&quot;:&quot;pagination&quot;,&quot;masonry_mode&quot;:&quot;fitRows&quot;,&quot;col_xxl&quot;:&quot;3&quot;,&quot;col_xl&quot;:&quot;3&quot;,&quot;col_lg&quot;:&quot;2&quot;,&quot;col_md&quot;:&quot;2&quot;,&quot;col_sm&quot;:&quot;1&quot;,&quot;gap&quot;:30,&quot;gap_extra&quot;:&quot;&quot;,&quot;thumbnail_size&quot;:&quot;medium&quot;,&quot;thumbnail_custom_dimension&quot;:&quot;&quot;,&quot;show_date&quot;:&quot;yes&quot;,&quot;show_comment&quot;:&quot;&quot;,&quot;show_excerpt&quot;:&quot;&quot;,&quot;excerpt_lenght&quot;:0,&quot;excerpt_more_text&quot;:&quot;...&quot;,&quot;show_readmore&quot;:&quot;yes&quot;,&quot;readmore_text&quot;:&quot;Saiba Mais&quot;,&quot;show_fb&quot;:&quot;&quot;,&quot;show_tw&quot;:&quot;&quot;,&quot;show_insta&quot;:&quot;&quot;,&quot;show_email&quot;:&quot;&quot;,&quot;show_phone&quot;:&quot;&quot;,&quot;grid&quot;:true,&quot;pagin_align_cls&quot;:&quot;justify-content-center&quot;,&quot;grid_custom_columns&quot;:&quot;&quot;,&quot;tax&quot;:[]}\" data-query=\"{&quot;post_type&quot;:&quot;post&quot;,&quot;posts_per_page&quot;:9,&quot;order&quot;:&quot;desc&quot;,&quot;orderby&quot;:&quot;date&quot;,&quot;tax_query&quot;:{&quot;relation&quot;:&quot;OR&quot;,&quot;0&quot;:{&quot;taxonomy&quot;:&quot;category&quot;,&quot;field&quot;:&quot;slug&quot;,&quot;operator&quot;:&quot;IN&quot;,&quot;terms&quot;:[&quot;blog&quot;]}},&quot;post__not_in&quot;:[160]}\">\r\n                    <\/div>\r\n        <\/div>\t\t\t\t<\/div>\n\t\t\t\t<\/div>\n\t\t\t\t\t<\/div>\n\t\t<\/div>\n\t\t            <\/div>\n        <\/section>\n        \t\t<\/div>","protected":false},"excerpt":{"rendered":"<p>Artigos &#038; Conte\u00fados Leia nosso blog Blog 12 de novembro de 2025 \u00c9tica, Transpar\u00eancia e T\u00e9cnica: Os Alicerces da Atua\u00e7\u00e3o Pericial Moderna Saiba Mais Blog 11 de novembro de 2025 Governan\u00e7a Corporativa e Compliance: Pilares de Sustentabilidade Empresarial Saiba Mais Blog 11 de novembro de 2025 Per\u00edcia Cont\u00e1bil: A Ci\u00eancia que Sustenta Decis\u00f5es Empresariais e [&hellip;]<\/p>","protected":false},"author":1,"featured_media":0,"parent":0,"menu_order":0,"comment_status":"closed","ping_status":"closed","template":"","meta":{"footnotes":""},"class_list":["post-160","page","type-page","status-publish","hentry","kng-no-post-thumbnail"],"_links":{"self":[{"href":"https:\/\/valejudicial.com.br\/en\/wp-json\/wp\/v2\/pages\/160","targetHints":{"allow":["GET"]}}],"collection":[{"href":"https:\/\/valejudicial.com.br\/en\/wp-json\/wp\/v2\/pages"}],"about":[{"href":"https:\/\/valejudicial.com.br\/en\/wp-json\/wp\/v2\/types\/page"}],"author":[{"embeddable":true,"href":"https:\/\/valejudicial.com.br\/en\/wp-json\/wp\/v2\/users\/1"}],"replies":[{"embeddable":true,"href":"https:\/\/valejudicial.com.br\/en\/wp-json\/wp\/v2\/comments?post=160"}],"version-history":[{"count":17,"href":"https:\/\/valejudicial.com.br\/en\/wp-json\/wp\/v2\/pages\/160\/revisions"}],"predecessor-version":[{"id":8852,"href":"https:\/\/valejudicial.com.br\/en\/wp-json\/wp\/v2\/pages\/160\/revisions\/8852"}],"wp:attachment":[{"href":"https:\/\/valejudicial.com.br\/en\/wp-json\/wp\/v2\/media?parent=160"}],"curies":[{"name":"wp","href":"https:\/\/api.w.org\/{rel}","templated":true}]}}